{"id":126,"date":"2018-11-02T10:41:38","date_gmt":"2018-11-02T10:41:38","guid":{"rendered":"http:\/\/listeo.wpengine.com\/?page_id=44"},"modified":"2026-02-04T23:38:35","modified_gmt":"2026-02-04T23:38:35","slug":"add-listing","status":"publish","type":"page","link":"https:\/\/romagenocidemap.org\/ro\/add-listing\/","title":{"rendered":"Ad\u0103uga\u021bi listare"},"content":{"rendered":"<div data-elementor-type=\"wp-page\" data-elementor-id=\"126\" class=\"elementor elementor-126\">\n\t\t\t\t<div class=\"elementor-element elementor-element-7649f23c e-flex e-con-boxed e-con e-parent\" data-id=\"7649f23c\" data-element_type=\"container\" data-e-type=\"container\">\n\t\t\t\t\t<div class=\"e-con-inner\">\n\t\t\t\t<div class=\"elementor-element elementor-element-17436cfb elementor-widget elementor-widget-shortcode\" data-id=\"17436cfb\" data-element_type=\"widget\" data-e-type=\"widget\" data-widget_type=\"shortcode.default\">\n\t\t\t\t<div class=\"elementor-widget-container\">\n\t\t\t\t\t\t\t<div class=\"elementor-shortcode\"><!-- <div class=\"notification notice large margin-bottom-55\">\r\n\t<h4>Nu ave\u021bi un cont?<\/h4>\r\n\t<p>Dac\u0103 nu ave\u021bi un cont, v\u0103 rug\u0103m s\u0103 v\u0103 \u00eenregistra\u021bi utiliz\u00e2nd formularul de mai jos. O parol\u0103 v\u0103 va fi trimis\u0103 automat prin e-mail.<\/p>\r\n<\/div> --><ul class=\"tabs-nav\">\n\t<li id=\"listeo-logintab-btn\" class=\"\"><a href=\"#tab1\">Conecta\u021bi-v\u0103<\/a><\/li>\n\t<li id=\"listeo-registration-btn\"><a href=\"#tab2\">\u00cenregistrare<\/a><\/li>\n<\/ul>\n\n<div class=\"tabs-container alt\">\n\n\t<!-- Login -->\n\t<div class=\"tab-content\" id=\"tab1\" style=\"display: none;\">\n\t\t\t\t\t\t<form method=\"post\" id=\"login\" class=\"login\" action=\"https:\/\/romagenocidemap.org\/wp-login.php\">\n\t\t\t\t\n\t\t\t\t\t\t\t\t<p class=\"form-row form-row-wide\">\n\t\t\t\t\t<label for=\"user_login\">\n\t\t\t\t\t\t<i class=\"sl sl-icon-user\"><\/i>\n\t\t\t\t\t\t<input placeholder=\"Utilizator\/E-mail\" type=\"text\" class=\"input-text\" name=\"log\" id=\"user_login\" value=\"\" \/>\n\t\t\t\t\t<\/label>\n\t\t\t\t<\/p>\n\n\n\t\t\t\t<p class=\"form-row form-row-wide\">\n\t\t\t\t\t<label for=\"user_pass\">\n\t\t\t\t\t\t<i class=\"sl sl-icon-lock\"><\/i>\n\t\t\t\t\t\t<input placeholder=\"Parol\u0103\" class=\"input-text\" type=\"password\" name=\"pwd\" id=\"user_pass\" \/>\n\n\t\t\t\t\t<\/label>\n\t\t\t\t\t<span class=\"lost_password\">\n\t\t\t\t\t\t<a href=\"https:\/\/romagenocidemap.org\/wp-login.php?action=lostpassword\">V-a\u021bi pierdut parola?<\/a>\n\t\t\t\t\t<\/span>\n\t\t\t\t<\/p>\n\n\t\t\t\t<div class=\"form-row\">\n\t\t\t\t\t<input type=\"hidden\" id=\"login_security\" name=\"login_security\" value=\"1cb6111fb9\" \/><input type=\"hidden\" name=\"_wp_http_referer\" value=\"\/ro\/wp-json\/wp\/v2\/pages\/126\" \/>\t\t\t\t\t<input type=\"submit\" class=\"button border margin-top-5\" name=\"login\" value=\"Autentificare\" \/>\n\t\t\t\t\t<div class=\"checkboxes margin-top-10\">\n\t\t\t\t\t\t<input name=\"rememberme\" type=\"checkbox\" id=\"remember-me\" value=\"forever\" \/>\n\t\t\t\t\t\t<label for=\"remember-me\">Aminte\u0219te-\u021bi de mine<\/label>\n\n\t\t\t\t\t<\/div>\n\t\t\t\t<\/div>\n\t\t\t\t<div class=\"notification error closeable\" style=\"display: none; margin-top: 20px; margin-bottom: 0px;\">\n\t\t\t\t\t<p><\/p>\n\t\t\t\t<\/div>\n\t\t\t\t<\/form>\n\t<\/div>\n\n\t<!-- Register -->\n\t<div class=\"tab-content\" id=\"tab2\" style=\"display: none;\">\n\t\t\t\t\t<div class=\"notification error closeable\" style=\"display: block\">\n\t\t\t\t<p>\u00cenregistrarea este dezactivat\u0103<\/p>\n\t\t\t<\/div>\n\t\t\t\t<\/div>\n\n<\/div>\n\n\n<\/div>\n\t\t\t\t\t\t<\/div>\n\t\t\t\t<\/div>\n\t\t\t\t\t<\/div>\n\t\t\t\t<\/div>\n\t\t\t\t<\/div>","protected":false},"excerpt":{"rendered":"","protected":false},"author":1,"featured_media":0,"parent":0,"menu_order":0,"comment_status":"closed","ping_status":"closed","template":"template-dashboard.php","meta":{"nf_dc_page":"","om_disable_all_campaigns":false,"_monsterinsights_skip_tracking":false,"_monsterinsights_sitenote_active":false,"_monsterinsights_sitenote_note":"","_monsterinsights_sitenote_category":0,"footnotes":""},"class_list":["post-126","page","type-page","status-publish","hentry"],"yoast_head":"<!-- This site is optimized with the Yoast SEO plugin v27.4 - https:\/\/yoast.com\/product\/yoast-seo-wordpress\/ -->\n<title>Ad\u0103uga\u021bi listare - Yahad-In Unum<\/title>\n<meta name=\"robots\" content=\"index, follow, max-snippet:-1, max-image-preview:large, max-video-preview:-1\" \/>\n<link rel=\"canonical\" href=\"https:\/\/romagenocidemap.org\/ro\/add-listing\/\" \/>\n<meta property=\"og:locale\" content=\"ro_RO\" \/>\n<meta property=\"og:type\" content=\"article\" \/>\n<meta property=\"og:title\" content=\"Ad\u0103uga\u021bi listare - Yahad-In Unum\" \/>\n<meta property=\"og:url\" content=\"https:\/\/romagenocidemap.org\/ro\/add-listing\/\" \/>\n<meta property=\"og:site_name\" content=\"Yahad-In Unum\" \/>\n<meta property=\"article:modified_time\" content=\"2026-02-04T23:38:35+00:00\" \/>\n<meta name=\"twitter:card\" content=\"summary_large_image\" \/>\n<script type=\"application\/ld+json\" class=\"yoast-schema-graph\">{\"@context\":\"https:\\\/\\\/schema.org\",\"@graph\":[{\"@type\":\"WebPage\",\"@id\":\"https:\\\/\\\/romagenocidemap.org\\\/ro\\\/add-listing\\\/\",\"url\":\"https:\\\/\\\/romagenocidemap.org\\\/ro\\\/add-listing\\\/\",\"name\":\"Ad\u0103uga\u021bi listare - Yahad-In Unum\",\"isPartOf\":{\"@id\":\"https:\\\/\\\/romagenocidemap.org\\\/ro\\\/#website\"},\"datePublished\":\"2018-11-02T10:41:38+00:00\",\"dateModified\":\"2026-02-04T23:38:35+00:00\",\"breadcrumb\":{\"@id\":\"https:\\\/\\\/romagenocidemap.org\\\/ro\\\/add-listing\\\/#breadcrumb\"},\"inLanguage\":\"ro-RO\",\"potentialAction\":[{\"@type\":\"ReadAction\",\"target\":[\"https:\\\/\\\/romagenocidemap.org\\\/ro\\\/add-listing\\\/\"]}]},{\"@type\":\"BreadcrumbList\",\"@id\":\"https:\\\/\\\/romagenocidemap.org\\\/ro\\\/add-listing\\\/#breadcrumb\",\"itemListElement\":[{\"@type\":\"ListItem\",\"position\":1,\"name\":\"Home\",\"item\":\"https:\\\/\\\/romagenocidemap.org\\\/ro\\\/\"},{\"@type\":\"ListItem\",\"position\":2,\"name\":\"Ad\u0103uga\u021bi listare\"}]},{\"@type\":\"WebSite\",\"@id\":\"https:\\\/\\\/romagenocidemap.org\\\/ro\\\/#website\",\"url\":\"https:\\\/\\\/romagenocidemap.org\\\/ro\\\/\",\"name\":\"Yahad-In Unum\",\"description\":\"Yahad-In Unum\",\"publisher\":{\"@id\":\"https:\\\/\\\/romagenocidemap.org\\\/ro\\\/#organization\"},\"potentialAction\":[{\"@type\":\"SearchAction\",\"target\":{\"@type\":\"EntryPoint\",\"urlTemplate\":\"https:\\\/\\\/romagenocidemap.org\\\/ro\\\/?s={search_term_string}\"},\"query-input\":{\"@type\":\"PropertyValueSpecification\",\"valueRequired\":true,\"valueName\":\"search_term_string\"}}],\"inLanguage\":\"ro-RO\"},{\"@type\":\"Organization\",\"@id\":\"https:\\\/\\\/romagenocidemap.org\\\/ro\\\/#organization\",\"name\":\"Yahad-In Unum\",\"url\":\"https:\\\/\\\/romagenocidemap.org\\\/ro\\\/\",\"logo\":{\"@type\":\"ImageObject\",\"inLanguage\":\"ro-RO\",\"@id\":\"https:\\\/\\\/romagenocidemap.org\\\/ro\\\/#\\\/schema\\\/logo\\\/image\\\/\",\"url\":\"https:\\\/\\\/i0.wp.com\\\/romagenocidemap.org\\\/wp-content\\\/uploads\\\/2025\\\/02\\\/Logo-Yahad-1.png?fit=1501%2C433&ssl=1\",\"contentUrl\":\"https:\\\/\\\/i0.wp.com\\\/romagenocidemap.org\\\/wp-content\\\/uploads\\\/2025\\\/02\\\/Logo-Yahad-1.png?fit=1501%2C433&ssl=1\",\"width\":1501,\"height\":433,\"caption\":\"Yahad-In Unum\"},\"image\":{\"@id\":\"https:\\\/\\\/romagenocidemap.org\\\/ro\\\/#\\\/schema\\\/logo\\\/image\\\/\"}}]}<\/script>\n<!-- \/ Yoast SEO plugin. -->","yoast_head_json":{"title":"Ad\u0103uga\u021bi listare - Yahad-In Unum","robots":{"index":"index","follow":"follow","max-snippet":"max-snippet:-1","max-image-preview":"max-image-preview:large","max-video-preview":"max-video-preview:-1"},"canonical":"https:\/\/romagenocidemap.org\/ro\/add-listing\/","og_locale":"ro_RO","og_type":"article","og_title":"Ad\u0103uga\u021bi listare - Yahad-In Unum","og_url":"https:\/\/romagenocidemap.org\/ro\/add-listing\/","og_site_name":"Yahad-In Unum","article_modified_time":"2026-02-04T23:38:35+00:00","twitter_card":"summary_large_image","schema":{"@context":"https:\/\/schema.org","@graph":[{"@type":"WebPage","@id":"https:\/\/romagenocidemap.org\/ro\/add-listing\/","url":"https:\/\/romagenocidemap.org\/ro\/add-listing\/","name":"Ad\u0103uga\u021bi listare - Yahad-In Unum","isPartOf":{"@id":"https:\/\/romagenocidemap.org\/ro\/#website"},"datePublished":"2018-11-02T10:41:38+00:00","dateModified":"2026-02-04T23:38:35+00:00","breadcrumb":{"@id":"https:\/\/romagenocidemap.org\/ro\/add-listing\/#breadcrumb"},"inLanguage":"ro-RO","potentialAction":[{"@type":"ReadAction","target":["https:\/\/romagenocidemap.org\/ro\/add-listing\/"]}]},{"@type":"BreadcrumbList","@id":"https:\/\/romagenocidemap.org\/ro\/add-listing\/#breadcrumb","itemListElement":[{"@type":"ListItem","position":1,"name":"Home","item":"https:\/\/romagenocidemap.org\/ro\/"},{"@type":"ListItem","position":2,"name":"Ad\u0103uga\u021bi listare"}]},{"@type":"WebSite","@id":"https:\/\/romagenocidemap.org\/ro\/#website","url":"https:\/\/romagenocidemap.org\/ro\/","name":"Yahad-In Unum","description":"Yahad-In Unum","publisher":{"@id":"https:\/\/romagenocidemap.org\/ro\/#organization"},"potentialAction":[{"@type":"SearchAction","target":{"@type":"EntryPoint","urlTemplate":"https:\/\/romagenocidemap.org\/ro\/?s={search_term_string}"},"query-input":{"@type":"PropertyValueSpecification","valueRequired":true,"valueName":"search_term_string"}}],"inLanguage":"ro-RO"},{"@type":"Organization","@id":"https:\/\/romagenocidemap.org\/ro\/#organization","name":"Yahad-In Unum","url":"https:\/\/romagenocidemap.org\/ro\/","logo":{"@type":"ImageObject","inLanguage":"ro-RO","@id":"https:\/\/romagenocidemap.org\/ro\/#\/schema\/logo\/image\/","url":"https:\/\/i0.wp.com\/romagenocidemap.org\/wp-content\/uploads\/2025\/02\/Logo-Yahad-1.png?fit=1501%2C433&ssl=1","contentUrl":"https:\/\/i0.wp.com\/romagenocidemap.org\/wp-content\/uploads\/2025\/02\/Logo-Yahad-1.png?fit=1501%2C433&ssl=1","width":1501,"height":433,"caption":"Yahad-In Unum"},"image":{"@id":"https:\/\/romagenocidemap.org\/ro\/#\/schema\/logo\/image\/"}}]}},"jetpack_sharing_enabled":true,"_links":{"self":[{"href":"https:\/\/romagenocidemap.org\/ro\/wp-json\/wp\/v2\/pages\/126","targetHints":{"allow":["GET"]}}],"collection":[{"href":"https:\/\/romagenocidemap.org\/ro\/wp-json\/wp\/v2\/pages"}],"about":[{"href":"https:\/\/romagenocidemap.org\/ro\/wp-json\/wp\/v2\/types\/page"}],"author":[{"embeddable":true,"href":"https:\/\/romagenocidemap.org\/ro\/wp-json\/wp\/v2\/users\/1"}],"replies":[{"embeddable":true,"href":"https:\/\/romagenocidemap.org\/ro\/wp-json\/wp\/v2\/comments?post=126"}],"version-history":[{"count":6,"href":"https:\/\/romagenocidemap.org\/ro\/wp-json\/wp\/v2\/pages\/126\/revisions"}],"predecessor-version":[{"id":2644,"href":"https:\/\/romagenocidemap.org\/ro\/wp-json\/wp\/v2\/pages\/126\/revisions\/2644"}],"wp:attachment":[{"href":"https:\/\/romagenocidemap.org\/ro\/wp-json\/wp\/v2\/media?parent=126"}],"curies":[{"name":"wp","href":"https:\/\/api.w.org\/{rel}","templated":true}]}}